{"id":2695,"date":"2023-08-08T11:15:39","date_gmt":"2023-08-08T09:15:39","guid":{"rendered":"https:\/\/www.adhoc.hr\/?page_id=2695"},"modified":"2024-03-11T15:11:45","modified_gmt":"2024-03-11T14:11:45","slug":"muendliche-uebersetzung","status":"publish","type":"page","link":"https:\/\/www.adhoc.hr\/de\/muendliche-uebersetzung\/","title":{"rendered":"M\u00fcndliche \u00dcbersetzung"},"content":{"rendered":"","protected":false},"excerpt":{"rendered":"<p>Simultan\u00fcbersetzungen werden in schallisolierten Kabinen durchgef\u00fchrt, in denen der \u00dcbersetzer dem Redner \u00fcber Kopfh\u00f6rer zuh\u00f6rt und simultan in die Zielsprache dolmetscht.<\/p>\n","protected":false},"author":1,"featured_media":1793,"parent":0,"menu_order":0,"comment_status":"closed","ping_status":"closed","template":"page-templates\/page-single-category.php","meta":{"_acf_changed":false,"footnotes":""},"class_list":["post-2695","page","type-page","status-publish","has-post-thumbnail","hentry"],"acf":[],"_links":{"self":[{"href":"https:\/\/www.adhoc.hr\/de\/wp-json\/wp\/v2\/pages\/2695","targetHints":{"allow":["GET"]}}],"collection":[{"href":"https:\/\/www.adhoc.hr\/de\/wp-json\/wp\/v2\/pages"}],"about":[{"href":"https:\/\/www.adhoc.hr\/de\/wp-json\/wp\/v2\/types\/page"}],"author":[{"embeddable":true,"href":"https:\/\/www.adhoc.hr\/de\/wp-json\/wp\/v2\/users\/1"}],"replies":[{"embeddable":true,"href":"https:\/\/www.adhoc.hr\/de\/wp-json\/wp\/v2\/comments?post=2695"}],"version-history":[{"count":3,"href":"https:\/\/www.adhoc.hr\/de\/wp-json\/wp\/v2\/pages\/2695\/revisions"}],"predecessor-version":[{"id":2970,"href":"https:\/\/www.adhoc.hr\/de\/wp-json\/wp\/v2\/pages\/2695\/revisions\/2970"}],"wp:featuredmedia":[{"embeddable":true,"href":"https:\/\/www.adhoc.hr\/de\/wp-json\/wp\/v2\/media\/1793"}],"wp:attachment":[{"href":"https:\/\/www.adhoc.hr\/de\/wp-json\/wp\/v2\/media?parent=2695"}],"curies":[{"name":"wp","href":"https:\/\/api.w.org\/{rel}","templated":true}]}}