{"id":2896,"date":"2023-07-11T15:15:14","date_gmt":"2023-07-11T13:15:14","guid":{"rendered":"https:\/\/www.adhoc.hr\/?page_id=2896"},"modified":"2024-03-13T13:57:12","modified_gmt":"2024-03-13T12:57:12","slug":"titelseite","status":"publish","type":"page","link":"https:\/\/www.adhoc.hr\/de\/","title":{"rendered":"Titelseite"},"content":{"rendered":"","protected":false},"excerpt":{"rendered":"<p>\u00dcber 20 Jahre Tradition, ISO-Zertifikate und viele zufriedene Kunden sind Beweis f\u00fcr die Qualit\u00e4t unserer \u00dcbersetzungsdienstleistungen. Kontaktieren Sie uns vertrauensvoll!<\/p>\n","protected":false},"author":1,"featured_media":1924,"parent":0,"menu_order":0,"comment_status":"closed","ping_status":"closed","template":"page-templates\/page-home.php","meta":{"_acf_changed":false,"footnotes":""},"class_list":["post-2896","page","type-page","status-publish","has-post-thumbnail","hentry"],"acf":[],"_links":{"self":[{"href":"https:\/\/www.adhoc.hr\/de\/wp-json\/wp\/v2\/pages\/2896","targetHints":{"allow":["GET"]}}],"collection":[{"href":"https:\/\/www.adhoc.hr\/de\/wp-json\/wp\/v2\/pages"}],"about":[{"href":"https:\/\/www.adhoc.hr\/de\/wp-json\/wp\/v2\/types\/page"}],"author":[{"embeddable":true,"href":"https:\/\/www.adhoc.hr\/de\/wp-json\/wp\/v2\/users\/1"}],"replies":[{"embeddable":true,"href":"https:\/\/www.adhoc.hr\/de\/wp-json\/wp\/v2\/comments?post=2896"}],"version-history":[{"count":11,"href":"https:\/\/www.adhoc.hr\/de\/wp-json\/wp\/v2\/pages\/2896\/revisions"}],"predecessor-version":[{"id":3049,"href":"https:\/\/www.adhoc.hr\/de\/wp-json\/wp\/v2\/pages\/2896\/revisions\/3049"}],"wp:featuredmedia":[{"embeddable":true,"href":"https:\/\/www.adhoc.hr\/de\/wp-json\/wp\/v2\/media\/1924"}],"wp:attachment":[{"href":"https:\/\/www.adhoc.hr\/de\/wp-json\/wp\/v2\/media?parent=2896"}],"curies":[{"name":"wp","href":"https:\/\/api.w.org\/{rel}","templated":true}]}}