{"id":2901,"date":"2023-08-10T13:38:46","date_gmt":"2023-08-10T11:38:46","guid":{"rendered":"https:\/\/www.adhoc.hr\/?page_id=2901"},"modified":"2024-03-12T15:31:24","modified_gmt":"2024-03-12T14:31:24","slug":"einzelunterricht","status":"publish","type":"page","link":"https:\/\/www.adhoc.hr\/de\/einzelunterricht\/","title":{"rendered":"Einzelunterricht"},"content":{"rendered":"","protected":false},"excerpt":{"rendered":"<p>Unabh\u00e4ngig davon, ob Sie Anf\u00e4nger sind oder bereits \u00fcber erste Sprachkenntnisse verf\u00fcgen, erhalten Sie im Einzelunterricht eine individuelle Vorgehensweise, mit der Sie schnell Fortschritte machen und Ihre gew\u00fcnschten Sprachziele erreichen k\u00f6nnen.<\/p>\n","protected":false},"author":1,"featured_media":1884,"parent":0,"menu_order":0,"comment_status":"closed","ping_status":"closed","template":"page-templates\/page-single-category.php","meta":{"_acf_changed":false,"footnotes":""},"class_list":["post-2901","page","type-page","status-publish","has-post-thumbnail","hentry"],"acf":[],"_links":{"self":[{"href":"https:\/\/www.adhoc.hr\/de\/wp-json\/wp\/v2\/pages\/2901","targetHints":{"allow":["GET"]}}],"collection":[{"href":"https:\/\/www.adhoc.hr\/de\/wp-json\/wp\/v2\/pages"}],"about":[{"href":"https:\/\/www.adhoc.hr\/de\/wp-json\/wp\/v2\/types\/page"}],"author":[{"embeddable":true,"href":"https:\/\/www.adhoc.hr\/de\/wp-json\/wp\/v2\/users\/1"}],"replies":[{"embeddable":true,"href":"https:\/\/www.adhoc.hr\/de\/wp-json\/wp\/v2\/comments?post=2901"}],"version-history":[{"count":4,"href":"https:\/\/www.adhoc.hr\/de\/wp-json\/wp\/v2\/pages\/2901\/revisions"}],"predecessor-version":[{"id":3022,"href":"https:\/\/www.adhoc.hr\/de\/wp-json\/wp\/v2\/pages\/2901\/revisions\/3022"}],"wp:featuredmedia":[{"embeddable":true,"href":"https:\/\/www.adhoc.hr\/de\/wp-json\/wp\/v2\/media\/1884"}],"wp:attachment":[{"href":"https:\/\/www.adhoc.hr\/de\/wp-json\/wp\/v2\/media?parent=2901"}],"curies":[{"name":"wp","href":"https:\/\/api.w.org\/{rel}","templated":true}]}}