{"id":2907,"date":"2023-08-10T13:39:57","date_gmt":"2023-08-10T11:39:57","guid":{"rendered":"https:\/\/www.adhoc.hr\/?page_id=2907"},"modified":"2024-03-12T15:38:59","modified_gmt":"2024-03-12T14:38:59","slug":"vorbereitungskurse-fuer-international-anerkannte-sprachzertifikate","status":"publish","type":"page","link":"https:\/\/www.adhoc.hr\/de\/vorbereitungskurse-fuer-international-anerkannte-sprachzertifikate\/","title":{"rendered":"Vorbereitungskurse f\u00fcr international anerkannte Sprachzertifikate"},"content":{"rendered":"","protected":false},"excerpt":{"rendered":"<p>Vorbereitungskurse f\u00fcr international anerkannte Sprachpr\u00fcfungen sollen Ihnen helfen, Ihre Sprachkenntnisse zu verbessern und das gew\u00fcnschte Pr\u00fcfungsergebnis zu erreichen.<\/p>\n","protected":false},"author":1,"featured_media":1893,"parent":0,"menu_order":0,"comment_status":"closed","ping_status":"closed","template":"page-templates\/page-single-category.php","meta":{"_acf_changed":false,"footnotes":""},"class_list":["post-2907","page","type-page","status-publish","has-post-thumbnail","hentry"],"acf":[],"_links":{"self":[{"href":"https:\/\/www.adhoc.hr\/de\/wp-json\/wp\/v2\/pages\/2907","targetHints":{"allow":["GET"]}}],"collection":[{"href":"https:\/\/www.adhoc.hr\/de\/wp-json\/wp\/v2\/pages"}],"about":[{"href":"https:\/\/www.adhoc.hr\/de\/wp-json\/wp\/v2\/types\/page"}],"author":[{"embeddable":true,"href":"https:\/\/www.adhoc.hr\/de\/wp-json\/wp\/v2\/users\/1"}],"replies":[{"embeddable":true,"href":"https:\/\/www.adhoc.hr\/de\/wp-json\/wp\/v2\/comments?post=2907"}],"version-history":[{"count":3,"href":"https:\/\/www.adhoc.hr\/de\/wp-json\/wp\/v2\/pages\/2907\/revisions"}],"predecessor-version":[{"id":3029,"href":"https:\/\/www.adhoc.hr\/de\/wp-json\/wp\/v2\/pages\/2907\/revisions\/3029"}],"wp:featuredmedia":[{"embeddable":true,"href":"https:\/\/www.adhoc.hr\/de\/wp-json\/wp\/v2\/media\/1893"}],"wp:attachment":[{"href":"https:\/\/www.adhoc.hr\/de\/wp-json\/wp\/v2\/media?parent=2907"}],"curies":[{"name":"wp","href":"https:\/\/api.w.org\/{rel}","templated":true}]}}