{"id":2909,"date":"2023-08-10T13:40:33","date_gmt":"2023-08-10T11:40:33","guid":{"rendered":"https:\/\/www.adhoc.hr\/?page_id=2909"},"modified":"2024-03-12T15:42:02","modified_gmt":"2024-03-12T14:42:02","slug":"sprachzertifikat","status":"publish","type":"page","link":"https:\/\/www.adhoc.hr\/de\/sprachzertifikat\/","title":{"rendered":"Sprachzertifikat"},"content":{"rendered":"","protected":false},"excerpt":{"rendered":"<p>Sie bewerben sich auf eine Stelle und Kenntnisse der englischen Sprache sind Voraussetzung? Sie m\u00f6chten an einem Sch\u00fcleraustausch teilnehmen und ben\u00f6tigen einen Nachweis \u00fcber Deutschkenntnisse?<\/p>\n","protected":false},"author":1,"featured_media":1896,"parent":0,"menu_order":0,"comment_status":"closed","ping_status":"closed","template":"page-templates\/page-single-category.php","meta":{"_acf_changed":false,"footnotes":""},"class_list":["post-2909","page","type-page","status-publish","has-post-thumbnail","hentry"],"acf":[],"_links":{"self":[{"href":"https:\/\/www.adhoc.hr\/de\/wp-json\/wp\/v2\/pages\/2909","targetHints":{"allow":["GET"]}}],"collection":[{"href":"https:\/\/www.adhoc.hr\/de\/wp-json\/wp\/v2\/pages"}],"about":[{"href":"https:\/\/www.adhoc.hr\/de\/wp-json\/wp\/v2\/types\/page"}],"author":[{"embeddable":true,"href":"https:\/\/www.adhoc.hr\/de\/wp-json\/wp\/v2\/users\/1"}],"replies":[{"embeddable":true,"href":"https:\/\/www.adhoc.hr\/de\/wp-json\/wp\/v2\/comments?post=2909"}],"version-history":[{"count":3,"href":"https:\/\/www.adhoc.hr\/de\/wp-json\/wp\/v2\/pages\/2909\/revisions"}],"predecessor-version":[{"id":3032,"href":"https:\/\/www.adhoc.hr\/de\/wp-json\/wp\/v2\/pages\/2909\/revisions\/3032"}],"wp:featuredmedia":[{"embeddable":true,"href":"https:\/\/www.adhoc.hr\/de\/wp-json\/wp\/v2\/media\/1896"}],"wp:attachment":[{"href":"https:\/\/www.adhoc.hr\/de\/wp-json\/wp\/v2\/media?parent=2909"}],"curies":[{"name":"wp","href":"https:\/\/api.w.org\/{rel}","templated":true}]}}