{"id":2915,"date":"2023-08-18T11:32:12","date_gmt":"2023-08-18T09:32:12","guid":{"rendered":"https:\/\/www.adhoc.hr\/?page_id=2915"},"modified":"2024-03-12T15:47:57","modified_gmt":"2024-03-12T14:47:57","slug":"kroatischkurs-fuer-auslaender","status":"publish","type":"page","link":"https:\/\/www.adhoc.hr\/de\/kroatischkurs-fuer-auslaender\/","title":{"rendered":"Kroatischkurs f\u00fcr Ausl\u00e4nder"},"content":{"rendered":"","protected":false},"excerpt":{"rendered":"<p>Der Kroatisch-Sprachkurs f\u00fcr Ausl\u00e4nder richtet sich an alle, die die kroatische Sprache mit einem Muttersprachler lernen m\u00f6chten.<\/p>\n","protected":false},"author":1,"featured_media":1902,"parent":0,"menu_order":0,"comment_status":"closed","ping_status":"closed","template":"page-templates\/page-single-category.php","meta":{"_acf_changed":false,"footnotes":""},"class_list":["post-2915","page","type-page","status-publish","has-post-thumbnail","hentry"],"acf":[],"_links":{"self":[{"href":"https:\/\/www.adhoc.hr\/de\/wp-json\/wp\/v2\/pages\/2915","targetHints":{"allow":["GET"]}}],"collection":[{"href":"https:\/\/www.adhoc.hr\/de\/wp-json\/wp\/v2\/pages"}],"about":[{"href":"https:\/\/www.adhoc.hr\/de\/wp-json\/wp\/v2\/types\/page"}],"author":[{"embeddable":true,"href":"https:\/\/www.adhoc.hr\/de\/wp-json\/wp\/v2\/users\/1"}],"replies":[{"embeddable":true,"href":"https:\/\/www.adhoc.hr\/de\/wp-json\/wp\/v2\/comments?post=2915"}],"version-history":[{"count":12,"href":"https:\/\/www.adhoc.hr\/de\/wp-json\/wp\/v2\/pages\/2915\/revisions"}],"predecessor-version":[{"id":3039,"href":"https:\/\/www.adhoc.hr\/de\/wp-json\/wp\/v2\/pages\/2915\/revisions\/3039"}],"wp:featuredmedia":[{"embeddable":true,"href":"https:\/\/www.adhoc.hr\/de\/wp-json\/wp\/v2\/media\/1902"}],"wp:attachment":[{"href":"https:\/\/www.adhoc.hr\/de\/wp-json\/wp\/v2\/media?parent=2915"}],"curies":[{"name":"wp","href":"https:\/\/api.w.org\/{rel}","templated":true}]}}