{"id":2945,"date":"2023-07-05T10:32:12","date_gmt":"2023-07-05T08:32:12","guid":{"rendered":"https:\/\/www.adhoc.hr\/?page_id=2945"},"modified":"2024-10-21T14:56:39","modified_gmt":"2024-10-21T12:56:39","slug":"datenschutzerklaerung","status":"publish","type":"page","link":"https:\/\/www.adhoc.hr\/de\/datenschutzerklaerung\/","title":{"rendered":"Datenschutzerkl\u00e4rung"},"content":{"rendered":"<p>Diese Datenschutzerkl\u00e4rung st\u00fctzt sich auf die EU-Datenschutz-Grundverordnung (DSGVO) und erl\u00e4utert, welche personenbezogenen Daten im Zusammenhang mit der Erbringung unserer Dienstleistungen gesammelt werden, wie wir diese Daten verarbeiten, nutzen und sch\u00fctzen, zu welchen Zwecken wir sie verwenden, sowie Ihre Rechte in Bezug auf Ihre personenbezogenen Daten.<\/p>\n<p class=\"istaknuto text-uppercase text-center\">UNSER GRUNDLEGENDES GESCH\u00c4FTSPRINZIP IST DIE PRIVATSPH\u00c4RE UND DER SCHUTZ PERSONENBEZOGENER DATEN.<\/p>\n<p>Die Privatsph\u00e4re des Einzelnen und der Schutz personenbezogener Daten sind Menschenrechte. Es ist unsere Pflicht, Sorge f\u00fcr diejenigen zu tragen, deren Daten wir gesammelt und gespeichert haben. Daten erfordern viel Verantwortung und d\u00fcrfen nur dann gesammelt und verarbeitet werden, wenn dies unbedingt erforderlich ist.<\/p>\n<p>Wir wenden folgende Grunds\u00e4tze f\u00fcr den Schutz Ihrer Privatsph\u00e4re an:<\/p>\n<ul>\n<li>Wir sammeln nur so viele Daten wie n\u00f6tig,<\/li>\n<li>Wir nutzen Ihre Daten ausschlie\u00dflich zu den angegebenen Zwecken,<\/li>\n<li>Wir speichern Ihre Daten nicht l\u00e4nger als unbedingt n\u00f6tig oder ohne g\u00fcltige Rechtsgrundlage,<\/li>\n<li>Wir verkaufen, verleihen, verteilen oder ver\u00f6ffentlichen niemals personenbezogene Daten,<\/li>\n<li>Ohne Ihr Wissen geben wir Dritten keinen Zugriff auf Ihre Daten,<\/li>\n<li>Wir \u00fcbertragen Ihre personenbezogenen Daten nicht in L\u00e4nder au\u00dferhalb der EU\/des EWR,<\/li>\n<li>Wir erstellen keine Pers\u00f6nlichkeitsprofile oder vorhersagen pers\u00f6nliche Vorlieben und Verhalten,<\/li>\n<li>Wir stellen sicher, dass Ihre personenbezogenen Daten auf sichere Weise gespeichert und gesch\u00fctzt sind.<\/li>\n<\/ul>\n<p>Es ist wichtig, diese Datenschutzerkl\u00e4rung zu lesen. Wir hoffen, dass Sie sich die Zeit nehmen, sie aufmerksam zu lesen. Wir haben uns bem\u00fcht, sie so klar wie m\u00f6glich zu formulieren und f\u00fcr jeden verst\u00e4ndlich zu machen, um Ihr volles Vertrauen in den Umgang mit Ihren personenbezogenen Daten zu bewahren.<\/p>\n<p>Wir aktualisieren unsere Datenschutzerkl\u00e4rung regelm\u00e4\u00dfig, um den Schutz Ihrer Daten zu optimieren. Diese Datenschutzerkl\u00e4rung wurde zuletzt am 02.09.2024. aktualisiert.<\/p>\n<p class=\"title text-center text-uppercase mt-5\">Ad Hoc-centar za poduke i prevoditeljstvo <span class=\"text-lowercase\">d.o.o.<\/span><br \/>\nAd Hoc-centar za edukaciju <span class=\"text-lowercase\">d.o.o.<\/span><\/p>\n<ol>\n<li>\n<p class=\"text-uppercase list-title\">WER SIND WIR?<\/p>\n<p>AD HOC-CENTAR ZA PODUKE I PREVODITELJSTVO d.o.o., Dra\u0161kovi\u0107eva 4a, 10000 Zagreb \u00fcbernimmt in Bezug auf die personenbezogenen Daten von Ihnen als potenziellen, aktuellen und ehemaligen Teilnehmern unserer Kurse sowie Kunden, denen wir \u00dcbersetzungs-, Korrekturlesen- und beglaubigte \u00dcbersetzungsdienste anbieten, unsere Gesch\u00e4ftspartner und Bewerber f\u00fcr eine Anstellung die Rolle des Datenverantwortlichen.<\/p>\n<p>AD HOC-CENTAR ZA EDUKACIJU d.o.o., Stjepana Radi\u0107a 12, 31000 Osijek \u00fcbernimmt in Bezug auf die personenbezogenen Daten von Ihnen als potenziellen, aktuellen und ehemaligen Teilnehmern unserer Kurse sowie unsere Gesch\u00e4ftspartner die Rolle des Datenverantwortlichen.<\/p>\n<p>Zusammen sorgen wir f\u00fcr die Sicherheit Ihrer personenbezogenen Daten und die vollst\u00e4ndige Einhaltung der datenschutzrechtlichen Anforderungen nach der EU-Datenschutz-Grundverordnung (DSGVO) und anderer einschl\u00e4giger Datenschutzvorschriften.<\/li>\n<li>\n<p class=\"text-uppercase list-title\">WELCHE DATEN ERFASSEN WIR, WIE UND WIE LANGE?<\/p>\n<p>AD HOC verarbeitet Ihre Daten auf verschiedene Weise:<\/p>\n<p>a) Bei Ihrer Anmeldung f\u00fcr und Teilnahme an unseren Kursen und bei Durchf\u00fchrung von Pr\u00fcfungen erfassen wir einen notwendigen Satz personenbezogener Daten des Teilnehmers oder der Eltern minderj\u00e4hriger Teilnehmer (Vor- und Nachname, Adresse, Geburtsdatum, Telefonnummer, E-Mail-Adresse, f\u00fcr Studenten auch den Studentenausweises-Nr.) zum Zweck der Anmeldung, des Einstufungstests und des Vertragsabschlusses f\u00fcr die Teilnahme an Kursen, der Ausstellung von Diplomen und Bescheinigungen sowie der Rechnungsstellung. Wir behalten den erforderlichen Umfang der erhobenen Daten gem\u00e4\u00df den Buchhaltungs- und Steuervorschriften bei, w\u00e4hrend Tests und im Laufe der Teilnahme an einem Kurs entstandene Dokumentation 12 Monate nach Abschluss des Kurses auf sichere Weise vernichtet werden. Die Originale von Diplomen und Bescheinigungen, die nach erfolgreicher Ablegung der Pr\u00fcfung ausgestellt werden, werden 5 Jahre lang aufbewahrt, damit Sie diese pers\u00f6nlich abholen k\u00f6nnen.<\/p>\n<p>b) Bei der Erbringung von \u00dcbersetzungs-, Korrekturlesen- und beglaubigten \u00dcbersetzungsdiensten erfassen wir einen notwendigen Satz Ihrer personenbezogenen Daten (Vor- und Nachname, Telefonnummer, E-Mail) sowie alle Daten, die Sie uns innerhalb der Texte und der Originale der Dokumentation, f\u00fcr die Sie \u00dcbersetzungs-, Korrekturlesen- und beglaubigte \u00dcbersetzungsdienste in Anspruch nehmen, freiwillig zur Verf\u00fcgung stellen. Diese Daten unterliegen der Verschwiegenheitspflicht. Wir behalten den erforderlichen Umfang der erhobenen Daten gem\u00e4\u00df den Buchhaltungs- und Steuervorschriften bei. Die Texte und Originaldokumentation werden unter hohen Sicherheitsstandards gespeichert und sp\u00e4testens 15 Jahre nach Lieferung der \u00dcbersetzungen, Lektorate und beglaubigten \u00dcbersetzungen dauerhaft auf sichere Art und Weise vernichtet.<\/p>\n<p>c) Bei Ihrer T\u00e4tigkeit als Honorarlehrkr\u00e4fte, Professoren, \u00dcbersetzer oder Gerichtsdolmetscher erfassen wir einen notwendigen Satz Ihrer personenbezogenen Daten, die w\u00e4hrend des vertraglich vereinbarten Engagements ben\u00f6tigt werden, und behalten den erforderlichen Umfang der erhobenen Daten gem\u00e4\u00df den Buchhaltungs- und Steuervorschriften bei.<\/p>\n<p>d) Bei Ihrer Anstellung sammeln wir Ihren Lebenslauf und Ihr Bewerbungsschreiben sowie einen notwendigen Satz Ihrer personenbezogenen Daten gem\u00e4\u00df den gesetzlichen Bestimmungen zum Zwecke des Abschlusses eines Arbeitsvertrags. Wenn wir Sie zu einem bestimmten Zeitpunkt nicht einstellen k\u00f6nnen, speichern wir Ihre Daten noch ein Jahr lang gem\u00e4\u00df Ihrer Einwilligung f\u00fcr eine m\u00f6gliche Einstellungen in diesem Zeitraum. Die Daten, Lebensl\u00e4ufe, Bewerbungsschreiben und Unterlagen von Kandidaten, die nicht eingestellt wurden und die uns keine Einwilligung zur weiteren Aufbewahrung erteilt haben, werden dauerhaft und auf sichere Art und Weise gel\u00f6scht und vernichtet.<\/p>\n<p>e) Bei der Einreichung von Initiativ- oder Bewerbungen um einen Arbeitsplatz sowie Kooperationsanfragen werden die \u00fcber Ihre Initiativbewerbung oder Kooperationsanfragen \u00fcber unsere Website oder direkt an unsere E-Mail-Adresse erhaltenen Daten f\u00fcr ein Jahr gespeichert. Damit stellen wir sicher, dass Ihre personenbezogenen Daten verantwortungsbewusst und sicher verarbeitet werden, unter strikter Einhaltung der Datenschutzstandards und in \u00dcbereinstimmung mit der Datenschutz-Grundverordnung (DSGVO). Nach Ablauf der Aufbewahrungsfrist werden die Daten sicher gel\u00f6scht, es sei denn, eine weitere Aufbewahrung ist gesetzlich erforderlich oder erfolgt mit Zustimmung der betroffenen Person, wenn in der Zwischenzeit eine Zusammenarbeit zustande gekommen ist.<\/p>\n<p>f) Wir senden Newsletter mit Neuigkeiten ausschlie\u00dflich an unsere Kursteilnehmer aufgrund unseres berechtigten Interesses, f\u00fcr welche wir sicher sind, dass sie an neuen Kursen interessiert sein werden, oder aufgrund der Einwilligung potenzieller Teilnehmer, deren notwendige personenbezogene Daten wir verwenden, bis zu dem Zeitpunkt, an dem sie um L\u00f6schung aus der Empf\u00e4ngerliste bitten oder ihre Einwilligung widerrufen, woraufhin wir sie dauerhaft l\u00f6schen.<\/p>\n<p>g) Sie k\u00f6nnen unsere Internetseite auch ohne Angabe personenbezogener Daten nutzen. Wenn Sie sich jedoch \u00fcber unser Kontaktformular mit uns zum Zwecke einer Einstellung, der Aufnahme einer Gesch\u00e4ftsbeziehung oder einer Anfrage in Verbindung setzen, erfassen wir Vor- und Nachnamen und Ihre E-Mail-Adresse. Solange eine offene Kommunikation zum Zwecke einer Zusammenarbeit oder eines potenziellen Vertragsverh\u00e4ltnisses besteht, werden wir weiterhin Ihre personenbezogenen Daten erfassen und verwenden, und diese nach Beendigung des Vertragsverh\u00e4ltnisses, nach Ablauf aller gesetzlichen Verpflichtungen oder bei Wegfall der rechtlichen Grundlage gem\u00e4\u00df der DSGVO im Zusammenhang mit der Verarbeitung Ihrer personenbezogenen Daten l\u00f6schen. Wir werden auf Ihre erste Anfrage \u00fcber unser Kontaktformular auf der Website oder direkt an unsere E-Mail-Adressen antworten. Wenn es keine weitere Kommunikation zwischen uns gibt, werden wir alle Ihre personenbezogenen Daten nach 6 Monaten l\u00f6schen.<\/p>\n<p>Wenn Sie unter 16 Jahre sind, m\u00fcssen Sie die Einwilligung Ihrer Eltern oder des sorgeberechtigten Elternteils vor der Weitergabe personenbezogener Daten beif\u00fcgen.<\/p>\n<p>Unsere Website enth\u00e4lt Links zu anderen Websites und sozialen Netzwerken (z. B. Facebook), auf die diese Datenschutzerkl\u00e4rung nicht anwendbar ist. Wir empfehlen Ihnen, die Datenschutzerkl\u00e4rungen jeder Website und jedes sozialen Netzwerks die Sie besuchen, zur Kenntnis zu nehmen, insbesondere hinsichtlich der Abgabe Ihrer personenbezogenen Daten.<\/p>\n<p>h) Um unsere Website zu verwalten und sicherzustellen, dass sie funktioniert, wie Sie es erwarten, wenn Sie sie besuchen, verwenden wir \u201eCookies\u201c. Cookies sind kleine Textdateien, die wir auf Ihren Computer senden und die dazu dienen, die Funktionalit\u00e4t unserer Website zu verbessern. Sie k\u00f6nnen Session-Cookies oder Persistente Cookies sein.<\/p>\n<p>Cookies, die wir auf unserer Website verwenden:<\/p>\n<div class=\"row\">\n<div class=\"col-md-3\">Cookie<\/div>\n<div class=\"col-md-3\">Laufzeit<\/div>\n<div class=\"col-md-6\">Session<\/div>\n<div class=\"row\" style=\"margin: 10px 0;\"><strong>Erforderliche Cookies<\/strong><\/div>\n<div class=\"col-md-3\">PH_HPXY_CHECK<\/div>\n<div class=\"col-md-3\">Session-Cookie<\/div>\n<div class=\"col-md-6\">Wird verwendet, um grobe Angriffe auf die Website zu erkennen und zu verhindern.<\/div>\n<div class=\"col-md-3\">moove_gdpr_popup<\/div>\n<div class=\"col-md-3\">Persistent Cookie<\/div>\n<div class=\"col-md-6\">Dieses Cookie wird verwendet, um festzustellen, ob der Besucher die Verwendung von Cookies akzeptiert oder abgelehnt hat.<\/div>\n<div class=\"row\" style=\"margin: 10px 0;\"><strong>Statistische Cookies<\/strong><\/div>\n<div class=\"col-md-3\">_gat_gtag<\/div>\n<div class=\"col-md-3\">24 Stunden<\/div>\n<div class=\"col-md-6\">Dieses Cookie wird verwendet, um Website-Nutzungsstatistiken zu sammeln<\/div>\n<div class=\"col-md-3\">_ga<\/div>\n<div class=\"col-md-3\">2 Jahre<\/div>\n<div class=\"col-md-6\">Dieses Cookie wird verwendet, um Website-Nutzungsstatistiken zu sammeln<\/div>\n<div class=\"col-md-3\">_ga<\/div>\n<div class=\"col-md-3\">24 Stunden<\/div>\n<div class=\"col-md-6\">Wird zur Drosselung von Anfragen verwendet<\/div>\n<\/div>\n<p>Mit Hilfe von unbedingt erforderlichen Cookies, die f\u00fcr den Betrieb unserer Website von grundlegender Bedeutung sind, sammeln oder speichern wir keine Ihrer personenbezogenen Daten.<\/p>\n<p>F\u00fcr die Verwendung von sonstigen Cookies, die personenbezogene Daten sammeln, ist Ihre vorherige Einwilligung erforderlich. Aber auch im Falle, dass Sie Ihre Einwilligung nicht geben, k\u00f6nnen Sie unsere Website weiterhin vollst\u00e4ndig nutzen.<\/p>\n<p><a href=\"https:\/\/www.adhoc.hr\/#gdpr_cookie_modal\">Cookie-Einstellungen<\/a><\/li>\n<li>\n<p class=\"text-uppercase list-title\">WER HAT ZUGRIFF AUF IHRE DATEN?<\/p>\n<p>Wir arbeiten mit zuverl\u00e4ssigen Gesch\u00e4ftspartnern zusammen, die uns dabei unterst\u00fctzen, unsere Dienstleistungen bereitzustellen und kontinuierlich zu verbessern und unsere direkte Kommunikation mit Ihnen effizienter zu gestalten. Den Zugang zu Ihren personenbezogenen Daten gew\u00e4hren wir autorisierten externen Auftragsverarbeitern, um Ihre personenbezogenen Daten in unserem Namen aufgrund unserer ausdr\u00fccklichen Anweisungen gem\u00e4\u00df den abgeschlossenen Datenschutzvertr\u00e4gen zu verarbeiten.<\/p>\n<p>Diese Partner sind verpflichtet, die Verschwiegenheitspflicht gem\u00e4\u00df dieser Datenschutzerkl\u00e4rung, den mit ihnen geschlossenen Vertr\u00e4gen und den Verpflichtungen gem\u00e4\u00df der Datenschutz-Grundverordnung strikt einzuhalten.<\/p>\n<p>Unsere ausgew\u00e4hlten externen Auftragsverarbeiter sind Honorarlehrkr\u00e4fte, Professoren, \u00dcbersetzer oder Gerichtsdolmetscher, sowie Gesch\u00e4ftspartner, die Dienstleistungen von Rechnungslegern und Buchhaltern, IT-Dienstleistungen und Dienstleistungen zur Wartung von Gesch\u00e4ftsanwendungen sowie Web- und E-Mail-Hosting f\u00fcr uns bereitstellen, ohne die wir nicht in der Lage w\u00e4ren, die h\u00f6chste Qualit\u00e4t unserer Dienstleistungen zu gew\u00e4hrleisten.<\/li>\n<li>\n<p class=\"text-uppercase list-title\">IHRE RECHTE<\/p>\n<p>Sie k\u00f6nnen jederzeit mit uns Kontakt aufnehmen, um Ihre Rechte geltend zu machen:<\/p>\n<ul>\n<li>Recht auf AUSKUNFT \u00fcber alle personenbezogenen Daten, die wir \u00fcber Sie gesammelt haben,<\/li>\n<li>Recht auf L\u00d6SCHUNG der personenbezogenen Daten, die wir \u00fcber Sie gesammelt haben,<\/li>\n<li>Recht auf EINSCHR\u00c4NKUNG der Verarbeitung Ihrer personenbezogenen Daten,<\/li>\n<li>WIDERSPRUCHRECHT gegen die Verarbeitung Ihrer personenbezogenen Daten,<\/li>\n<li>Recht auf ERHALT Ihrer personenbezogenen Daten zum Zwecke der \u00dcbertragung an Dritte,<\/li>\n<li>Recht auf WIDERRUF Ihrer Einwilligung, falls Sie uns diese erteilt haben.<\/li>\n<\/ul>\n<p>Wenn Sie eines der oben genannten Rechte aus\u00fcben m\u00f6chten, k\u00f6nnen Sie gerne eine Anfrage stellen:<\/p>\n<ul>\n<li>\u00fcber unser Kontaktformular auf unserer Website oder<\/li>\n<li>per E-Mail an adhoc@adhoc.hr oder<\/li>\n<li>per Post an die Adresse von AD HOC.<\/li>\n<\/ul>\n<p>Wir werden Ihre Anfrage so schnell wie m\u00f6glich bearbeiten, sp\u00e4testens jedoch einen Monat nach Erhalt Ihrer Anfrage. Falls eine sichere Identit\u00e4tsbest\u00e4tigung nicht m\u00f6glich ist, behalten wir uns das Recht vor, zus\u00e4tzliche Identit\u00e4tsnachweise anzufordern.<\/p>\n<p>Wenn Sie der Meinung sind, dass die Verarbeitung Ihrer personenbezogenen Daten gegen die DSGVO verst\u00f6\u00dft, haben Sie das Recht, eine Beschwerde bei der zust\u00e4ndigen Aufsichtsbeh\u00f6rde einzureichen. F\u00fcr das Gebiet der Republik Kroatien ist die zust\u00e4ndige Aufsichtsbeh\u00f6rde die Agentur f\u00fcr den Schutz personenbezogener Daten (AGENCIJA ZA ZA\u0160TITU OSOBNIH PODATAKA) mit Sitz unter folgender Adresse: Selska cesta 136, 10000 Zagreb, Kroatien, Internet: azop.hr, Tel.: +385 1 4609 000.<\/li>\n<li>\n<p class=\"text-uppercase list-title\">AKTUALISIERUNG DER DATENSCHUTZERKL\u00c4RUNG<\/p>\n<p>Wir behalten uns das Recht vor, den Text dieser Datenschutzerkl\u00e4rung von Zeit zu Zeit vor allem an rechtliche \u00c4nderungen, also an ge\u00e4nderte Zwecke oder Verarbeitungsmethoden anzupassen. Ihre Rechte, die sich aus dieser Datenschutzerkl\u00e4rung oder geltendem Recht ergeben, werden wir jedoch nicht einschr\u00e4nken. Im Falle von Regel\u00e4nderungen, die sich auf Ihre Rechte auswirken k\u00f6nnten, werden wir Sie rechtzeitig und direkt auf passende Weise informieren.<\/li>\n<\/ol>\n","protected":false},"excerpt":{"rendered":"<p>Diese Datenschutzerkl\u00e4rung st\u00fctzt sich auf die EU-Datenschutz-Grundverordnung (DSGVO) und erl\u00e4utert, welche personenbezogenen Daten im Zusammenhang mit der Erbringung unserer Dienstleistungen gesammelt werden, wie wir diese Daten verarbeiten, nutzen und sch\u00fctzen, zu welchen Zwecken wir sie verwenden, sowie Ihre Rechte in Bezug auf Ihre personenbezogenen Daten. UNSER GRUNDLEGENDES GESCH\u00c4FTSPRINZIP IST DIE PRIVATSPH\u00c4RE UND DER SCHUTZ PERSONENBEZOGENER [&hellip;]<\/p>\n","protected":false},"author":1,"featured_media":1922,"parent":0,"menu_order":0,"comment_status":"closed","ping_status":"open","template":"","meta":{"_acf_changed":false,"footnotes":""},"class_list":["post-2945","page","type-page","status-publish","has-post-thumbnail","hentry"],"acf":[],"_links":{"self":[{"href":"https:\/\/www.adhoc.hr\/de\/wp-json\/wp\/v2\/pages\/2945","targetHints":{"allow":["GET"]}}],"collection":[{"href":"https:\/\/www.adhoc.hr\/de\/wp-json\/wp\/v2\/pages"}],"about":[{"href":"https:\/\/www.adhoc.hr\/de\/wp-json\/wp\/v2\/types\/page"}],"author":[{"embeddable":true,"href":"https:\/\/www.adhoc.hr\/de\/wp-json\/wp\/v2\/users\/1"}],"replies":[{"embeddable":true,"href":"https:\/\/www.adhoc.hr\/de\/wp-json\/wp\/v2\/comments?post=2945"}],"version-history":[{"count":6,"href":"https:\/\/www.adhoc.hr\/de\/wp-json\/wp\/v2\/pages\/2945\/revisions"}],"predecessor-version":[{"id":3126,"href":"https:\/\/www.adhoc.hr\/de\/wp-json\/wp\/v2\/pages\/2945\/revisions\/3126"}],"wp:featuredmedia":[{"embeddable":true,"href":"https:\/\/www.adhoc.hr\/de\/wp-json\/wp\/v2\/media\/1922"}],"wp:attachment":[{"href":"https:\/\/www.adhoc.hr\/de\/wp-json\/wp\/v2\/media?parent=2945"}],"curies":[{"name":"wp","href":"https:\/\/api.w.org\/{rel}","templated":true}]}}