{"id":3051,"date":"2023-07-31T11:38:41","date_gmt":"2023-07-31T09:38:41","guid":{"rendered":"https:\/\/www.adhoc.hr\/?page_id=3051"},"modified":"2024-03-13T13:59:56","modified_gmt":"2024-03-13T12:59:56","slug":"kunden","status":"publish","type":"page","link":"https:\/\/www.adhoc.hr\/de\/kunden\/","title":{"rendered":"Kunden"},"content":{"rendered":"","protected":false},"excerpt":{"rendered":"<p>Wir sind eines der f\u00fchrenden \u00dcbersetzungsunternehmen in Kroatien, das \u00dcbersetzungsdienste f\u00fcr mehr als 30 Weltsprachen anbietet.<\/p>\n","protected":false},"author":1,"featured_media":2211,"parent":0,"menu_order":0,"comment_status":"closed","ping_status":"closed","template":"page-templates\/page-clients.php","meta":{"_acf_changed":false,"footnotes":""},"class_list":["post-3051","page","type-page","status-publish","has-post-thumbnail","hentry"],"acf":[],"_links":{"self":[{"href":"https:\/\/www.adhoc.hr\/de\/wp-json\/wp\/v2\/pages\/3051","targetHints":{"allow":["GET"]}}],"collection":[{"href":"https:\/\/www.adhoc.hr\/de\/wp-json\/wp\/v2\/pages"}],"about":[{"href":"https:\/\/www.adhoc.hr\/de\/wp-json\/wp\/v2\/types\/page"}],"author":[{"embeddable":true,"href":"https:\/\/www.adhoc.hr\/de\/wp-json\/wp\/v2\/users\/1"}],"replies":[{"embeddable":true,"href":"https:\/\/www.adhoc.hr\/de\/wp-json\/wp\/v2\/comments?post=3051"}],"version-history":[{"count":1,"href":"https:\/\/www.adhoc.hr\/de\/wp-json\/wp\/v2\/pages\/3051\/revisions"}],"predecessor-version":[{"id":3052,"href":"https:\/\/www.adhoc.hr\/de\/wp-json\/wp\/v2\/pages\/3051\/revisions\/3052"}],"wp:featuredmedia":[{"embeddable":true,"href":"https:\/\/www.adhoc.hr\/de\/wp-json\/wp\/v2\/media\/2211"}],"wp:attachment":[{"href":"https:\/\/www.adhoc.hr\/de\/wp-json\/wp\/v2\/media?parent=3051"}],"curies":[{"name":"wp","href":"https:\/\/api.w.org\/{rel}","templated":true}]}}